{"id":15557,"date":"2021-04-09T13:30:27","date_gmt":"2021-04-09T10:30:27","guid":{"rendered":"https:\/\/pastory.com.tr\/?page_id=15557"},"modified":"2021-04-09T13:32:01","modified_gmt":"2021-04-09T10:32:01","slug":"arifoglu-baharat","status":"publish","type":"page","link":"https:\/\/pastory.com.tr\/index.php\/markalar-pastacilik-urunleri\/arifoglu-baharat\/","title":{"rendered":"Arifo\u011flu Baharat"},"content":{"rendered":"<p>[vc_row][vc_column width=&#8221;1\/2&#8243;][vc_single_image image=&#8221;15558&#8243; img_size=&#8221;full&#8221;][\/vc_column][vc_column width=&#8221;1\/2&#8243;][vc_column_text]<\/p>\n<ul>\n<li>\n<h4>Baharatlar<\/h4>\n<\/li>\n<li>\n<h4>Sos ve Sal\u00e7alar<\/h4>\n<\/li>\n<li>\n<h4>Ya\u011f ve Aromalar<\/h4>\n<\/li>\n<li>\n<h4>\u00c7e\u015fniler<\/h4>\n<\/li>\n<\/ul>\n<p>[\/vc_column_text][\/vc_column][\/vc_row]<\/p>\n","protected":false},"excerpt":{"rendered":"<p>[vc_row][vc_column width=&#8221;1\/2&#8243;][vc_single_image image=&#8221;15558&#8243; img_size=&#8221;full&#8221;][\/vc_column][vc_column width=&#8221;1\/2&#8243;][vc_column_text] Baharatlar Sos ve Sal\u00e7alar Ya\u011f ve Aromalar \u00c7e\u015fniler [\/vc_column_text][\/vc_column][\/vc_row]<\/p>\n","protected":false},"author":1,"featured_media":0,"parent":7,"menu_order":0,"comment_status":"closed","ping_status":"closed","template":"","meta":[],"class_list":["post-15557","page","type-page","status-publish","hentry","description-off"],"yoast_head":"<!-- This site is optimized with the Yoast SEO plugin v25.2 - https:\/\/yoast.com\/wordpress\/plugins\/seo\/ -->\n<title>Arifo\u011flu Baharat - Pastory Pastac\u0131l\u0131k Malzemeleri Bodrum, Toptan G\u0131da Bodrum, EDT Firmalar\u0131 Bodrum<\/title>\n<meta name=\"robots\" content=\"index, follow, max-snippet:-1, max-image-preview:large, max-video-preview:-1\" \/>\n<link rel=\"canonical\" href=\"https:\/\/pastory.com.tr\/index.php\/markalar-pastacilik-urunleri\/arifoglu-baharat\/\" \/>\n<meta property=\"og:locale\" content=\"tr_TR\" \/>\n<meta property=\"og:type\" content=\"article\" \/>\n<meta property=\"og:title\" content=\"Arifo\u011flu Baharat - Pastory Pastac\u0131l\u0131k Malzemeleri Bodrum, Toptan G\u0131da Bodrum, EDT Firmalar\u0131 Bodrum\" \/>\n<meta property=\"og:description\" content=\"[vc_row][vc_column width=&#8221;1\/2&#8243;][vc_single_image image=&#8221;15558&#8243; img_size=&#8221;full&#8221;][\/vc_column][vc_column width=&#8221;1\/2&#8243;][vc_column_text] Baharatlar Sos ve Sal\u00e7alar Ya\u011f ve Aromalar \u00c7e\u015fniler [\/vc_column_text][\/vc_column][\/vc_row]\" \/>\n<meta property=\"og:url\" content=\"https:\/\/pastory.com.tr\/index.php\/markalar-pastacilik-urunleri\/arifoglu-baharat\/\" \/>\n<meta property=\"og:site_name\" content=\"Pastory Pastac\u0131l\u0131k Malzemeleri Bodrum, Toptan G\u0131da Bodrum, EDT Firmalar\u0131 Bodrum\" \/>\n<meta property=\"article:publisher\" content=\"https:\/\/facebook.com\/pastory.official\" \/>\n<meta property=\"article:modified_time\" content=\"2021-04-09T10:32:01+00:00\" \/>\n<meta name=\"twitter:card\" content=\"summary_large_image\" \/>\n<meta name=\"twitter:label1\" content=\"Tahmini okuma s\u00fcresi\" \/>\n\t<meta name=\"twitter:data1\" content=\"1 dakika\" \/>\n<script type=\"application\/ld+json\" class=\"yoast-schema-graph\">{\"@context\":\"https:\/\/schema.org\",\"@graph\":[{\"@type\":\"WebPage\",\"@id\":\"https:\/\/pastory.com.tr\/index.php\/markalar-pastacilik-urunleri\/arifoglu-baharat\/\",\"url\":\"https:\/\/pastory.com.tr\/index.php\/markalar-pastacilik-urunleri\/arifoglu-baharat\/\",\"name\":\"Arifo\u011flu Baharat - Pastory Pastac\u0131l\u0131k Malzemeleri Bodrum, Toptan G\u0131da Bodrum, EDT Firmalar\u0131 Bodrum\",\"isPartOf\":{\"@id\":\"https:\/\/pastory.com.tr\/#website\"},\"datePublished\":\"2021-04-09T10:30:27+00:00\",\"dateModified\":\"2021-04-09T10:32:01+00:00\",\"breadcrumb\":{\"@id\":\"https:\/\/pastory.com.tr\/index.php\/markalar-pastacilik-urunleri\/arifoglu-baharat\/#breadcrumb\"},\"inLanguage\":\"tr\",\"potentialAction\":[{\"@type\":\"ReadAction\",\"target\":[\"https:\/\/pastory.com.tr\/index.php\/markalar-pastacilik-urunleri\/arifoglu-baharat\/\"]}]},{\"@type\":\"BreadcrumbList\",\"@id\":\"https:\/\/pastory.com.tr\/index.php\/markalar-pastacilik-urunleri\/arifoglu-baharat\/#breadcrumb\",\"itemListElement\":[{\"@type\":\"ListItem\",\"position\":1,\"name\":\"Anasayfa\",\"item\":\"https:\/\/pastory.com.tr\/\"},{\"@type\":\"ListItem\",\"position\":2,\"name\":\"Markalar &#038; \u00dcr\u00fcnler\",\"item\":\"https:\/\/pastory.com.tr\/index.php\/markalar-pastacilik-urunleri\/\"},{\"@type\":\"ListItem\",\"position\":3,\"name\":\"Arifo\u011flu Baharat\"}]},{\"@type\":\"WebSite\",\"@id\":\"https:\/\/pastory.com.tr\/#website\",\"url\":\"https:\/\/pastory.com.tr\/\",\"name\":\"Pastory Pastac\u0131l\u0131k Malzemeleri Bodrum, Toptan G\u0131da Bodrum, EDT Firmalar\u0131 Bodrum\",\"description\":\"Nestle, AAK, Katsan, Ireks, Richs, MEC3, Maun\",\"publisher\":{\"@id\":\"https:\/\/pastory.com.tr\/#organization\"},\"potentialAction\":[{\"@type\":\"SearchAction\",\"target\":{\"@type\":\"EntryPoint\",\"urlTemplate\":\"https:\/\/pastory.com.tr\/?s={search_term_string}\"},\"query-input\":{\"@type\":\"PropertyValueSpecification\",\"valueRequired\":true,\"valueName\":\"search_term_string\"}}],\"inLanguage\":\"tr\"},{\"@type\":\"Organization\",\"@id\":\"https:\/\/pastory.com.tr\/#organization\",\"name\":\"Pastory Pastac\u0131l\u0131k Malzemeleri\",\"url\":\"https:\/\/pastory.com.tr\/\",\"logo\":{\"@type\":\"ImageObject\",\"inLanguage\":\"tr\",\"@id\":\"https:\/\/pastory.com.tr\/#\/schema\/logo\/image\/\",\"url\":\"https:\/\/pastory.com.tr\/wp-content\/uploads\/2021\/03\/pastory_retina_desktop.png\",\"contentUrl\":\"https:\/\/pastory.com.tr\/wp-content\/uploads\/2021\/03\/pastory_retina_desktop.png\",\"width\":500,\"height\":137,\"caption\":\"Pastory Pastac\u0131l\u0131k Malzemeleri\"},\"image\":{\"@id\":\"https:\/\/pastory.com.tr\/#\/schema\/logo\/image\/\"},\"sameAs\":[\"https:\/\/facebook.com\/pastory.official\",\"https:\/\/instagram.com\/pastory.official\"]}]}<\/script>\n<!-- \/ Yoast SEO plugin. -->","yoast_head_json":{"title":"Arifo\u011flu Baharat - Pastory Pastac\u0131l\u0131k Malzemeleri Bodrum, Toptan G\u0131da Bodrum, EDT Firmalar\u0131 Bodrum","robots":{"index":"index","follow":"follow","max-snippet":"max-snippet:-1","max-image-preview":"max-image-preview:large","max-video-preview":"max-video-preview:-1"},"canonical":"https:\/\/pastory.com.tr\/index.php\/markalar-pastacilik-urunleri\/arifoglu-baharat\/","og_locale":"tr_TR","og_type":"article","og_title":"Arifo\u011flu Baharat - Pastory Pastac\u0131l\u0131k Malzemeleri Bodrum, Toptan G\u0131da Bodrum, EDT Firmalar\u0131 Bodrum","og_description":"[vc_row][vc_column width=&#8221;1\/2&#8243;][vc_single_image image=&#8221;15558&#8243; img_size=&#8221;full&#8221;][\/vc_column][vc_column width=&#8221;1\/2&#8243;][vc_column_text] Baharatlar Sos ve Sal\u00e7alar Ya\u011f ve Aromalar \u00c7e\u015fniler [\/vc_column_text][\/vc_column][\/vc_row]","og_url":"https:\/\/pastory.com.tr\/index.php\/markalar-pastacilik-urunleri\/arifoglu-baharat\/","og_site_name":"Pastory Pastac\u0131l\u0131k Malzemeleri Bodrum, Toptan G\u0131da Bodrum, EDT Firmalar\u0131 Bodrum","article_publisher":"https:\/\/facebook.com\/pastory.official","article_modified_time":"2021-04-09T10:32:01+00:00","twitter_card":"summary_large_image","twitter_misc":{"Tahmini okuma s\u00fcresi":"1 dakika"},"schema":{"@context":"https:\/\/schema.org","@graph":[{"@type":"WebPage","@id":"https:\/\/pastory.com.tr\/index.php\/markalar-pastacilik-urunleri\/arifoglu-baharat\/","url":"https:\/\/pastory.com.tr\/index.php\/markalar-pastacilik-urunleri\/arifoglu-baharat\/","name":"Arifo\u011flu Baharat - Pastory Pastac\u0131l\u0131k Malzemeleri Bodrum, Toptan G\u0131da Bodrum, EDT Firmalar\u0131 Bodrum","isPartOf":{"@id":"https:\/\/pastory.com.tr\/#website"},"datePublished":"2021-04-09T10:30:27+00:00","dateModified":"2021-04-09T10:32:01+00:00","breadcrumb":{"@id":"https:\/\/pastory.com.tr\/index.php\/markalar-pastacilik-urunleri\/arifoglu-baharat\/#breadcrumb"},"inLanguage":"tr","potentialAction":[{"@type":"ReadAction","target":["https:\/\/pastory.com.tr\/index.php\/markalar-pastacilik-urunleri\/arifoglu-baharat\/"]}]},{"@type":"BreadcrumbList","@id":"https:\/\/pastory.com.tr\/index.php\/markalar-pastacilik-urunleri\/arifoglu-baharat\/#breadcrumb","itemListElement":[{"@type":"ListItem","position":1,"name":"Anasayfa","item":"https:\/\/pastory.com.tr\/"},{"@type":"ListItem","position":2,"name":"Markalar &#038; \u00dcr\u00fcnler","item":"https:\/\/pastory.com.tr\/index.php\/markalar-pastacilik-urunleri\/"},{"@type":"ListItem","position":3,"name":"Arifo\u011flu Baharat"}]},{"@type":"WebSite","@id":"https:\/\/pastory.com.tr\/#website","url":"https:\/\/pastory.com.tr\/","name":"Pastory Pastac\u0131l\u0131k Malzemeleri Bodrum, Toptan G\u0131da Bodrum, EDT Firmalar\u0131 Bodrum","description":"Nestle, AAK, Katsan, Ireks, Richs, MEC3, Maun","publisher":{"@id":"https:\/\/pastory.com.tr\/#organization"},"potentialAction":[{"@type":"SearchAction","target":{"@type":"EntryPoint","urlTemplate":"https:\/\/pastory.com.tr\/?s={search_term_string}"},"query-input":{"@type":"PropertyValueSpecification","valueRequired":true,"valueName":"search_term_string"}}],"inLanguage":"tr"},{"@type":"Organization","@id":"https:\/\/pastory.com.tr\/#organization","name":"Pastory Pastac\u0131l\u0131k Malzemeleri","url":"https:\/\/pastory.com.tr\/","logo":{"@type":"ImageObject","inLanguage":"tr","@id":"https:\/\/pastory.com.tr\/#\/schema\/logo\/image\/","url":"https:\/\/pastory.com.tr\/wp-content\/uploads\/2021\/03\/pastory_retina_desktop.png","contentUrl":"https:\/\/pastory.com.tr\/wp-content\/uploads\/2021\/03\/pastory_retina_desktop.png","width":500,"height":137,"caption":"Pastory Pastac\u0131l\u0131k Malzemeleri"},"image":{"@id":"https:\/\/pastory.com.tr\/#\/schema\/logo\/image\/"},"sameAs":["https:\/\/facebook.com\/pastory.official","https:\/\/instagram.com\/pastory.official"]}]}},"_links":{"self":[{"href":"https:\/\/pastory.com.tr\/index.php\/wp-json\/wp\/v2\/pages\/15557","targetHints":{"allow":["GET"]}}],"collection":[{"href":"https:\/\/pastory.com.tr\/index.php\/wp-json\/wp\/v2\/pages"}],"about":[{"href":"https:\/\/pastory.com.tr\/index.php\/wp-json\/wp\/v2\/types\/page"}],"author":[{"embeddable":true,"href":"https:\/\/pastory.com.tr\/index.php\/wp-json\/wp\/v2\/users\/1"}],"replies":[{"embeddable":true,"href":"https:\/\/pastory.com.tr\/index.php\/wp-json\/wp\/v2\/comments?post=15557"}],"version-history":[{"count":2,"href":"https:\/\/pastory.com.tr\/index.php\/wp-json\/wp\/v2\/pages\/15557\/revisions"}],"predecessor-version":[{"id":15560,"href":"https:\/\/pastory.com.tr\/index.php\/wp-json\/wp\/v2\/pages\/15557\/revisions\/15560"}],"up":[{"embeddable":true,"href":"https:\/\/pastory.com.tr\/index.php\/wp-json\/wp\/v2\/pages\/7"}],"wp:attachment":[{"href":"https:\/\/pastory.com.tr\/index.php\/wp-json\/wp\/v2\/media?parent=15557"}],"curies":[{"name":"wp","href":"https:\/\/api.w.org\/{rel}","templated":true}]}}