{"id":15349,"date":"2021-04-02T09:56:13","date_gmt":"2021-04-02T06:56:13","guid":{"rendered":"http:\/\/pastory.com.tr\/?page_id=15349"},"modified":"2021-04-02T09:56:13","modified_gmt":"2021-04-02T06:56:13","slug":"gesas-helva-findik-kremasi-recel","status":"publish","type":"page","link":"https:\/\/pastory.com.tr\/index.php\/markalar-pastacilik-urunleri\/gesas-helva-findik-kremasi-recel\/","title":{"rendered":"GESA\u015e G\u0131da"},"content":{"rendered":"<p>[vc_row][vc_column width=&#8221;1\/2&#8243;][vc_single_image image=&#8221;15350&#8243; img_size=&#8221;full&#8221;][\/vc_column][vc_column width=&#8221;1\/2&#8243; css=&#8221;.vc_custom_1616609521409{margin-top: 50px !important;padding-left: 20px !important;}&#8221;][vc_column_text]<\/p>\n<ul>\n<li>\n<h3>Helva<\/h3>\n<\/li>\n<li>\n<h3>Re\u00e7el<\/h3>\n<\/li>\n<li>\n<h3>Lokum<\/h3>\n<\/li>\n<li>\n<h3>Mevlana \u015eekeri<\/h3>\n<\/li>\n<li>\n<h3>Krem \u00c7ikolata<\/h3>\n<\/li>\n<li>\n<h3>Tahin<\/h3>\n<\/li>\n<li>\n<h3>Pekmez<\/h3>\n<\/li>\n<li>\n<h3>Ya\u011fl\u0131 Gevrek<\/h3>\n<\/li>\n<li>\n<h3>Susam<\/h3>\n<\/li>\n<li>\n<h3>Sirke ve Soslar<\/h3>\n<\/li>\n<li>\n<h3>Ya\u011f<\/h3>\n<\/li>\n<\/ul>\n<p>[\/vc_column_text][\/vc_column][\/vc_row]<\/p>\n","protected":false},"excerpt":{"rendered":"<p>[vc_row][vc_column width=&#8221;1\/2&#8243;][vc_single_image image=&#8221;15350&#8243; img_size=&#8221;full&#8221;][\/vc_column][vc_column width=&#8221;1\/2&#8243; css=&#8221;.vc_custom_1616609521409{margin-top: 50px !important;padding-left: 20px !important;}&#8221;][vc_column_text] Helva Re\u00e7el Lokum Mevlana \u015eekeri Krem \u00c7ikolata Tahin Pekmez Ya\u011fl\u0131 Gevrek Susam Sirke ve Soslar Ya\u011f [\/vc_column_text][\/vc_column][\/vc_row]<\/p>\n","protected":false},"author":1,"featured_media":0,"parent":7,"menu_order":0,"comment_status":"closed","ping_status":"closed","template":"","meta":[],"class_list":["post-15349","page","type-page","status-publish","hentry","description-off"],"yoast_head":"<!-- This site is optimized with the Yoast SEO plugin v25.2 - https:\/\/yoast.com\/wordpress\/plugins\/seo\/ -->\n<title>GESA\u015e G\u0131da - Pastory Pastac\u0131l\u0131k Malzemeleri Bodrum, Toptan G\u0131da Bodrum, EDT Firmalar\u0131 Bodrum<\/title>\n<meta name=\"robots\" content=\"index, follow, max-snippet:-1, max-image-preview:large, max-video-preview:-1\" \/>\n<link rel=\"canonical\" href=\"https:\/\/pastory.com.tr\/index.php\/markalar-pastacilik-urunleri\/gesas-helva-findik-kremasi-recel\/\" \/>\n<meta property=\"og:locale\" content=\"tr_TR\" \/>\n<meta property=\"og:type\" content=\"article\" \/>\n<meta property=\"og:title\" content=\"GESA\u015e G\u0131da - Pastory Pastac\u0131l\u0131k Malzemeleri Bodrum, Toptan G\u0131da Bodrum, EDT Firmalar\u0131 Bodrum\" \/>\n<meta property=\"og:description\" content=\"[vc_row][vc_column width=&#8221;1\/2&#8243;][vc_single_image image=&#8221;15350&#8243; img_size=&#8221;full&#8221;][\/vc_column][vc_column width=&#8221;1\/2&#8243; css=&#8221;.vc_custom_1616609521409{margin-top: 50px !important;padding-left: 20px !important;}&#8221;][vc_column_text] Helva Re\u00e7el Lokum Mevlana \u015eekeri Krem \u00c7ikolata Tahin Pekmez Ya\u011fl\u0131 Gevrek Susam Sirke ve Soslar Ya\u011f [\/vc_column_text][\/vc_column][\/vc_row]\" \/>\n<meta property=\"og:url\" content=\"https:\/\/pastory.com.tr\/index.php\/markalar-pastacilik-urunleri\/gesas-helva-findik-kremasi-recel\/\" \/>\n<meta property=\"og:site_name\" content=\"Pastory Pastac\u0131l\u0131k Malzemeleri Bodrum, Toptan G\u0131da Bodrum, EDT Firmalar\u0131 Bodrum\" \/>\n<meta property=\"article:publisher\" content=\"https:\/\/facebook.com\/pastory.official\" \/>\n<meta name=\"twitter:card\" content=\"summary_large_image\" \/>\n<script type=\"application\/ld+json\" class=\"yoast-schema-graph\">{\"@context\":\"https:\/\/schema.org\",\"@graph\":[{\"@type\":\"WebPage\",\"@id\":\"https:\/\/pastory.com.tr\/index.php\/markalar-pastacilik-urunleri\/gesas-helva-findik-kremasi-recel\/\",\"url\":\"https:\/\/pastory.com.tr\/index.php\/markalar-pastacilik-urunleri\/gesas-helva-findik-kremasi-recel\/\",\"name\":\"GESA\u015e G\u0131da - Pastory Pastac\u0131l\u0131k Malzemeleri Bodrum, Toptan G\u0131da Bodrum, EDT Firmalar\u0131 Bodrum\",\"isPartOf\":{\"@id\":\"https:\/\/pastory.com.tr\/#website\"},\"datePublished\":\"2021-04-02T06:56:13+00:00\",\"breadcrumb\":{\"@id\":\"https:\/\/pastory.com.tr\/index.php\/markalar-pastacilik-urunleri\/gesas-helva-findik-kremasi-recel\/#breadcrumb\"},\"inLanguage\":\"tr\",\"potentialAction\":[{\"@type\":\"ReadAction\",\"target\":[\"https:\/\/pastory.com.tr\/index.php\/markalar-pastacilik-urunleri\/gesas-helva-findik-kremasi-recel\/\"]}]},{\"@type\":\"BreadcrumbList\",\"@id\":\"https:\/\/pastory.com.tr\/index.php\/markalar-pastacilik-urunleri\/gesas-helva-findik-kremasi-recel\/#breadcrumb\",\"itemListElement\":[{\"@type\":\"ListItem\",\"position\":1,\"name\":\"Anasayfa\",\"item\":\"https:\/\/pastory.com.tr\/\"},{\"@type\":\"ListItem\",\"position\":2,\"name\":\"Markalar &#038; \u00dcr\u00fcnler\",\"item\":\"https:\/\/pastory.com.tr\/index.php\/markalar-pastacilik-urunleri\/\"},{\"@type\":\"ListItem\",\"position\":3,\"name\":\"GESA\u015e G\u0131da\"}]},{\"@type\":\"WebSite\",\"@id\":\"https:\/\/pastory.com.tr\/#website\",\"url\":\"https:\/\/pastory.com.tr\/\",\"name\":\"Pastory Pastac\u0131l\u0131k Malzemeleri Bodrum, Toptan G\u0131da Bodrum, EDT Firmalar\u0131 Bodrum\",\"description\":\"Nestle, AAK, Katsan, Ireks, Richs, MEC3, Maun\",\"publisher\":{\"@id\":\"https:\/\/pastory.com.tr\/#organization\"},\"potentialAction\":[{\"@type\":\"SearchAction\",\"target\":{\"@type\":\"EntryPoint\",\"urlTemplate\":\"https:\/\/pastory.com.tr\/?s={search_term_string}\"},\"query-input\":{\"@type\":\"PropertyValueSpecification\",\"valueRequired\":true,\"valueName\":\"search_term_string\"}}],\"inLanguage\":\"tr\"},{\"@type\":\"Organization\",\"@id\":\"https:\/\/pastory.com.tr\/#organization\",\"name\":\"Pastory Pastac\u0131l\u0131k Malzemeleri\",\"url\":\"https:\/\/pastory.com.tr\/\",\"logo\":{\"@type\":\"ImageObject\",\"inLanguage\":\"tr\",\"@id\":\"https:\/\/pastory.com.tr\/#\/schema\/logo\/image\/\",\"url\":\"https:\/\/pastory.com.tr\/wp-content\/uploads\/2021\/03\/pastory_retina_desktop.png\",\"contentUrl\":\"https:\/\/pastory.com.tr\/wp-content\/uploads\/2021\/03\/pastory_retina_desktop.png\",\"width\":500,\"height\":137,\"caption\":\"Pastory Pastac\u0131l\u0131k Malzemeleri\"},\"image\":{\"@id\":\"https:\/\/pastory.com.tr\/#\/schema\/logo\/image\/\"},\"sameAs\":[\"https:\/\/facebook.com\/pastory.official\",\"https:\/\/instagram.com\/pastory.official\"]}]}<\/script>\n<!-- \/ Yoast SEO plugin. -->","yoast_head_json":{"title":"GESA\u015e G\u0131da - Pastory Pastac\u0131l\u0131k Malzemeleri Bodrum, Toptan G\u0131da Bodrum, EDT Firmalar\u0131 Bodrum","robots":{"index":"index","follow":"follow","max-snippet":"max-snippet:-1","max-image-preview":"max-image-preview:large","max-video-preview":"max-video-preview:-1"},"canonical":"https:\/\/pastory.com.tr\/index.php\/markalar-pastacilik-urunleri\/gesas-helva-findik-kremasi-recel\/","og_locale":"tr_TR","og_type":"article","og_title":"GESA\u015e G\u0131da - Pastory Pastac\u0131l\u0131k Malzemeleri Bodrum, Toptan G\u0131da Bodrum, EDT Firmalar\u0131 Bodrum","og_description":"[vc_row][vc_column width=&#8221;1\/2&#8243;][vc_single_image image=&#8221;15350&#8243; img_size=&#8221;full&#8221;][\/vc_column][vc_column width=&#8221;1\/2&#8243; css=&#8221;.vc_custom_1616609521409{margin-top: 50px !important;padding-left: 20px !important;}&#8221;][vc_column_text] Helva Re\u00e7el Lokum Mevlana \u015eekeri Krem \u00c7ikolata Tahin Pekmez Ya\u011fl\u0131 Gevrek Susam Sirke ve Soslar Ya\u011f [\/vc_column_text][\/vc_column][\/vc_row]","og_url":"https:\/\/pastory.com.tr\/index.php\/markalar-pastacilik-urunleri\/gesas-helva-findik-kremasi-recel\/","og_site_name":"Pastory Pastac\u0131l\u0131k Malzemeleri Bodrum, Toptan G\u0131da Bodrum, EDT Firmalar\u0131 Bodrum","article_publisher":"https:\/\/facebook.com\/pastory.official","twitter_card":"summary_large_image","schema":{"@context":"https:\/\/schema.org","@graph":[{"@type":"WebPage","@id":"https:\/\/pastory.com.tr\/index.php\/markalar-pastacilik-urunleri\/gesas-helva-findik-kremasi-recel\/","url":"https:\/\/pastory.com.tr\/index.php\/markalar-pastacilik-urunleri\/gesas-helva-findik-kremasi-recel\/","name":"GESA\u015e G\u0131da - Pastory Pastac\u0131l\u0131k Malzemeleri Bodrum, Toptan G\u0131da Bodrum, EDT Firmalar\u0131 Bodrum","isPartOf":{"@id":"https:\/\/pastory.com.tr\/#website"},"datePublished":"2021-04-02T06:56:13+00:00","breadcrumb":{"@id":"https:\/\/pastory.com.tr\/index.php\/markalar-pastacilik-urunleri\/gesas-helva-findik-kremasi-recel\/#breadcrumb"},"inLanguage":"tr","potentialAction":[{"@type":"ReadAction","target":["https:\/\/pastory.com.tr\/index.php\/markalar-pastacilik-urunleri\/gesas-helva-findik-kremasi-recel\/"]}]},{"@type":"BreadcrumbList","@id":"https:\/\/pastory.com.tr\/index.php\/markalar-pastacilik-urunleri\/gesas-helva-findik-kremasi-recel\/#breadcrumb","itemListElement":[{"@type":"ListItem","position":1,"name":"Anasayfa","item":"https:\/\/pastory.com.tr\/"},{"@type":"ListItem","position":2,"name":"Markalar &#038; \u00dcr\u00fcnler","item":"https:\/\/pastory.com.tr\/index.php\/markalar-pastacilik-urunleri\/"},{"@type":"ListItem","position":3,"name":"GESA\u015e G\u0131da"}]},{"@type":"WebSite","@id":"https:\/\/pastory.com.tr\/#website","url":"https:\/\/pastory.com.tr\/","name":"Pastory Pastac\u0131l\u0131k Malzemeleri Bodrum, Toptan G\u0131da Bodrum, EDT Firmalar\u0131 Bodrum","description":"Nestle, AAK, Katsan, Ireks, Richs, MEC3, Maun","publisher":{"@id":"https:\/\/pastory.com.tr\/#organization"},"potentialAction":[{"@type":"SearchAction","target":{"@type":"EntryPoint","urlTemplate":"https:\/\/pastory.com.tr\/?s={search_term_string}"},"query-input":{"@type":"PropertyValueSpecification","valueRequired":true,"valueName":"search_term_string"}}],"inLanguage":"tr"},{"@type":"Organization","@id":"https:\/\/pastory.com.tr\/#organization","name":"Pastory Pastac\u0131l\u0131k Malzemeleri","url":"https:\/\/pastory.com.tr\/","logo":{"@type":"ImageObject","inLanguage":"tr","@id":"https:\/\/pastory.com.tr\/#\/schema\/logo\/image\/","url":"https:\/\/pastory.com.tr\/wp-content\/uploads\/2021\/03\/pastory_retina_desktop.png","contentUrl":"https:\/\/pastory.com.tr\/wp-content\/uploads\/2021\/03\/pastory_retina_desktop.png","width":500,"height":137,"caption":"Pastory Pastac\u0131l\u0131k Malzemeleri"},"image":{"@id":"https:\/\/pastory.com.tr\/#\/schema\/logo\/image\/"},"sameAs":["https:\/\/facebook.com\/pastory.official","https:\/\/instagram.com\/pastory.official"]}]}},"_links":{"self":[{"href":"https:\/\/pastory.com.tr\/index.php\/wp-json\/wp\/v2\/pages\/15349","targetHints":{"allow":["GET"]}}],"collection":[{"href":"https:\/\/pastory.com.tr\/index.php\/wp-json\/wp\/v2\/pages"}],"about":[{"href":"https:\/\/pastory.com.tr\/index.php\/wp-json\/wp\/v2\/types\/page"}],"author":[{"embeddable":true,"href":"https:\/\/pastory.com.tr\/index.php\/wp-json\/wp\/v2\/users\/1"}],"replies":[{"embeddable":true,"href":"https:\/\/pastory.com.tr\/index.php\/wp-json\/wp\/v2\/comments?post=15349"}],"version-history":[{"count":1,"href":"https:\/\/pastory.com.tr\/index.php\/wp-json\/wp\/v2\/pages\/15349\/revisions"}],"predecessor-version":[{"id":15351,"href":"https:\/\/pastory.com.tr\/index.php\/wp-json\/wp\/v2\/pages\/15349\/revisions\/15351"}],"up":[{"embeddable":true,"href":"https:\/\/pastory.com.tr\/index.php\/wp-json\/wp\/v2\/pages\/7"}],"wp:attachment":[{"href":"https:\/\/pastory.com.tr\/index.php\/wp-json\/wp\/v2\/media?parent=15349"}],"curies":[{"name":"wp","href":"https:\/\/api.w.org\/{rel}","templated":true}]}}