{"id":15322,"date":"2021-03-31T00:04:01","date_gmt":"2021-03-30T21:04:01","guid":{"rendered":"http:\/\/pastory.com.tr\/?page_id=15322"},"modified":"2021-04-06T11:24:35","modified_gmt":"2021-04-06T08:24:35","slug":"zeelandia-pastacilik-malzemeleri","status":"publish","type":"page","link":"https:\/\/pastory.com.tr\/index.php\/markalar-pastacilik-urunleri\/zeelandia-pastacilik-malzemeleri\/","title":{"rendered":"Zeelandia Pastac\u0131l\u0131k"},"content":{"rendered":"<p>[vc_row][vc_column width=&#8221;1\/2&#8243;][vc_single_image image=&#8221;15323&#8243; img_size=&#8221;full&#8221;][\/vc_column][vc_column width=&#8221;1\/2&#8243; css=&#8221;.vc_custom_1616609521409{margin-top: 50px !important;padding-left: 20px !important;}&#8221;][vc_column_text]<\/p>\n<ul>\n<li>\n<h3>Biscamix Pandispanya Miksleri<\/h3>\n<\/li>\n<li>\n<h3>Ekmek Geli\u015ftiriciler<\/h3>\n<\/li>\n<li>\n<h3>Ekmek Miksleri<\/h3>\n<\/li>\n<li>\n<h3>Ekmek\u00e7ilik Dekorasyon \u00dcr\u00fcnleri<\/h3>\n<\/li>\n<li>\n<h3>Fonksiyonel \u00dcr\u00fcnler<\/h3>\n<\/li>\n<li>\n<h3>Frutafill Meyve Dolgular\u0131<\/h3>\n<\/li>\n<li>\n<h3>Kek Miksleri<\/h3>\n<\/li>\n<li>\n<h3>Paletta Hot S\u0131cak J\u00f6leler<\/h3>\n<\/li>\n<li>\n<h3>Paletta Miroir So\u011fuk J\u00f6leler<\/h3>\n<\/li>\n<li>\n<h3>Pasta Kremalar\u0131<\/h3>\n<\/li>\n<li>\n<h3>Pastac\u0131l\u0131k Dekorasyon \u00dcr\u00fcnleri<\/h3>\n<\/li>\n<li>\n<h3>Premium Kek Miksleri<\/h3>\n<\/li>\n<li>\n<h3>Presta Dolgu Kremalar\u0131<\/h3>\n<\/li>\n<li>\n<h3>S\u0131v\u0131 \u015eantiler<\/h3>\n<\/li>\n<li>\n<h3>Tava Ay\u0131r\u0131c\u0131 Ya\u011flar<\/h3>\n<\/li>\n<li>\n<h3>Toz \u015eantiler<\/h3>\n<\/li>\n<li>\n<h3>Zeesan \u015earlot Tozlar\u0131<\/h3>\n<\/li>\n<\/ul>\n<p>[\/vc_column_text][\/vc_column][\/vc_row]<\/p>\n","protected":false},"excerpt":{"rendered":"<p>[vc_row][vc_column width=&#8221;1\/2&#8243;][vc_single_image image=&#8221;15323&#8243; img_size=&#8221;full&#8221;][\/vc_column][vc_column width=&#8221;1\/2&#8243; css=&#8221;.vc_custom_1616609521409{margin-top: 50px !important;padding-left: 20px !important;}&#8221;][vc_column_text] Biscamix Pandispanya Miksleri Ekmek Geli\u015ftiriciler Ekmek Miksleri Ekmek\u00e7ilik Dekorasyon \u00dcr\u00fcnleri Fonksiyonel \u00dcr\u00fcnler Frutafill Meyve Dolgular\u0131 Kek Miksleri Paletta Hot S\u0131cak J\u00f6leler Paletta Miroir So\u011fuk J\u00f6leler Pasta Kremalar\u0131 Pastac\u0131l\u0131k Dekorasyon \u00dcr\u00fcnleri Premium Kek Miksleri Presta Dolgu Kremalar\u0131 S\u0131v\u0131 \u015eantiler Tava Ay\u0131r\u0131c\u0131 Ya\u011flar Toz \u015eantiler Zeesan \u015earlot&hellip;<\/p>\n","protected":false},"author":1,"featured_media":0,"parent":7,"menu_order":0,"comment_status":"closed","ping_status":"closed","template":"","meta":[],"class_list":["post-15322","page","type-page","status-publish","hentry","description-off"],"yoast_head":"<!-- This site is optimized with the Yoast SEO plugin v25.2 - https:\/\/yoast.com\/wordpress\/plugins\/seo\/ -->\n<title>Zeelandia Pastac\u0131l\u0131k - Pastory Pastac\u0131l\u0131k Malzemeleri Bodrum, Toptan G\u0131da Bodrum, EDT Firmalar\u0131 Bodrum<\/title>\n<meta name=\"robots\" content=\"index, follow, max-snippet:-1, max-image-preview:large, max-video-preview:-1\" \/>\n<link rel=\"canonical\" href=\"https:\/\/pastory.com.tr\/index.php\/markalar-pastacilik-urunleri\/zeelandia-pastacilik-malzemeleri\/\" \/>\n<meta property=\"og:locale\" content=\"tr_TR\" \/>\n<meta property=\"og:type\" content=\"article\" \/>\n<meta property=\"og:title\" content=\"Zeelandia Pastac\u0131l\u0131k - Pastory Pastac\u0131l\u0131k Malzemeleri Bodrum, Toptan G\u0131da Bodrum, EDT Firmalar\u0131 Bodrum\" \/>\n<meta property=\"og:description\" content=\"[vc_row][vc_column width=&#8221;1\/2&#8243;][vc_single_image image=&#8221;15323&#8243; img_size=&#8221;full&#8221;][\/vc_column][vc_column width=&#8221;1\/2&#8243; css=&#8221;.vc_custom_1616609521409{margin-top: 50px !important;padding-left: 20px !important;}&#8221;][vc_column_text] Biscamix Pandispanya Miksleri Ekmek Geli\u015ftiriciler Ekmek Miksleri Ekmek\u00e7ilik Dekorasyon \u00dcr\u00fcnleri Fonksiyonel \u00dcr\u00fcnler Frutafill Meyve Dolgular\u0131 Kek Miksleri Paletta Hot S\u0131cak J\u00f6leler Paletta Miroir So\u011fuk J\u00f6leler Pasta Kremalar\u0131 Pastac\u0131l\u0131k Dekorasyon \u00dcr\u00fcnleri Premium Kek Miksleri Presta Dolgu Kremalar\u0131 S\u0131v\u0131 \u015eantiler Tava Ay\u0131r\u0131c\u0131 Ya\u011flar Toz \u015eantiler Zeesan \u015earlot&hellip;\" \/>\n<meta property=\"og:url\" content=\"https:\/\/pastory.com.tr\/index.php\/markalar-pastacilik-urunleri\/zeelandia-pastacilik-malzemeleri\/\" \/>\n<meta property=\"og:site_name\" content=\"Pastory Pastac\u0131l\u0131k Malzemeleri Bodrum, Toptan G\u0131da Bodrum, EDT Firmalar\u0131 Bodrum\" \/>\n<meta property=\"article:publisher\" content=\"https:\/\/facebook.com\/pastory.official\" \/>\n<meta property=\"article:modified_time\" content=\"2021-04-06T08:24:35+00:00\" \/>\n<meta name=\"twitter:card\" content=\"summary_large_image\" \/>\n<script type=\"application\/ld+json\" class=\"yoast-schema-graph\">{\"@context\":\"https:\/\/schema.org\",\"@graph\":[{\"@type\":\"WebPage\",\"@id\":\"https:\/\/pastory.com.tr\/index.php\/markalar-pastacilik-urunleri\/zeelandia-pastacilik-malzemeleri\/\",\"url\":\"https:\/\/pastory.com.tr\/index.php\/markalar-pastacilik-urunleri\/zeelandia-pastacilik-malzemeleri\/\",\"name\":\"Zeelandia Pastac\u0131l\u0131k - Pastory Pastac\u0131l\u0131k Malzemeleri Bodrum, Toptan G\u0131da Bodrum, EDT Firmalar\u0131 Bodrum\",\"isPartOf\":{\"@id\":\"https:\/\/pastory.com.tr\/#website\"},\"datePublished\":\"2021-03-30T21:04:01+00:00\",\"dateModified\":\"2021-04-06T08:24:35+00:00\",\"breadcrumb\":{\"@id\":\"https:\/\/pastory.com.tr\/index.php\/markalar-pastacilik-urunleri\/zeelandia-pastacilik-malzemeleri\/#breadcrumb\"},\"inLanguage\":\"tr\",\"potentialAction\":[{\"@type\":\"ReadAction\",\"target\":[\"https:\/\/pastory.com.tr\/index.php\/markalar-pastacilik-urunleri\/zeelandia-pastacilik-malzemeleri\/\"]}]},{\"@type\":\"BreadcrumbList\",\"@id\":\"https:\/\/pastory.com.tr\/index.php\/markalar-pastacilik-urunleri\/zeelandia-pastacilik-malzemeleri\/#breadcrumb\",\"itemListElement\":[{\"@type\":\"ListItem\",\"position\":1,\"name\":\"Anasayfa\",\"item\":\"https:\/\/pastory.com.tr\/\"},{\"@type\":\"ListItem\",\"position\":2,\"name\":\"Markalar &#038; \u00dcr\u00fcnler\",\"item\":\"https:\/\/pastory.com.tr\/index.php\/markalar-pastacilik-urunleri\/\"},{\"@type\":\"ListItem\",\"position\":3,\"name\":\"Zeelandia Pastac\u0131l\u0131k\"}]},{\"@type\":\"WebSite\",\"@id\":\"https:\/\/pastory.com.tr\/#website\",\"url\":\"https:\/\/pastory.com.tr\/\",\"name\":\"Pastory Pastac\u0131l\u0131k Malzemeleri Bodrum, Toptan G\u0131da Bodrum, EDT Firmalar\u0131 Bodrum\",\"description\":\"Nestle, AAK, Katsan, Ireks, Richs, MEC3, Maun\",\"publisher\":{\"@id\":\"https:\/\/pastory.com.tr\/#organization\"},\"potentialAction\":[{\"@type\":\"SearchAction\",\"target\":{\"@type\":\"EntryPoint\",\"urlTemplate\":\"https:\/\/pastory.com.tr\/?s={search_term_string}\"},\"query-input\":{\"@type\":\"PropertyValueSpecification\",\"valueRequired\":true,\"valueName\":\"search_term_string\"}}],\"inLanguage\":\"tr\"},{\"@type\":\"Organization\",\"@id\":\"https:\/\/pastory.com.tr\/#organization\",\"name\":\"Pastory Pastac\u0131l\u0131k Malzemeleri\",\"url\":\"https:\/\/pastory.com.tr\/\",\"logo\":{\"@type\":\"ImageObject\",\"inLanguage\":\"tr\",\"@id\":\"https:\/\/pastory.com.tr\/#\/schema\/logo\/image\/\",\"url\":\"https:\/\/pastory.com.tr\/wp-content\/uploads\/2021\/03\/pastory_retina_desktop.png\",\"contentUrl\":\"https:\/\/pastory.com.tr\/wp-content\/uploads\/2021\/03\/pastory_retina_desktop.png\",\"width\":500,\"height\":137,\"caption\":\"Pastory Pastac\u0131l\u0131k Malzemeleri\"},\"image\":{\"@id\":\"https:\/\/pastory.com.tr\/#\/schema\/logo\/image\/\"},\"sameAs\":[\"https:\/\/facebook.com\/pastory.official\",\"https:\/\/instagram.com\/pastory.official\"]}]}<\/script>\n<!-- \/ Yoast SEO plugin. -->","yoast_head_json":{"title":"Zeelandia Pastac\u0131l\u0131k - Pastory Pastac\u0131l\u0131k Malzemeleri Bodrum, Toptan G\u0131da Bodrum, EDT Firmalar\u0131 Bodrum","robots":{"index":"index","follow":"follow","max-snippet":"max-snippet:-1","max-image-preview":"max-image-preview:large","max-video-preview":"max-video-preview:-1"},"canonical":"https:\/\/pastory.com.tr\/index.php\/markalar-pastacilik-urunleri\/zeelandia-pastacilik-malzemeleri\/","og_locale":"tr_TR","og_type":"article","og_title":"Zeelandia Pastac\u0131l\u0131k - Pastory Pastac\u0131l\u0131k Malzemeleri Bodrum, Toptan G\u0131da Bodrum, EDT Firmalar\u0131 Bodrum","og_description":"[vc_row][vc_column width=&#8221;1\/2&#8243;][vc_single_image image=&#8221;15323&#8243; img_size=&#8221;full&#8221;][\/vc_column][vc_column width=&#8221;1\/2&#8243; css=&#8221;.vc_custom_1616609521409{margin-top: 50px !important;padding-left: 20px !important;}&#8221;][vc_column_text] Biscamix Pandispanya Miksleri Ekmek Geli\u015ftiriciler Ekmek Miksleri Ekmek\u00e7ilik Dekorasyon \u00dcr\u00fcnleri Fonksiyonel \u00dcr\u00fcnler Frutafill Meyve Dolgular\u0131 Kek Miksleri Paletta Hot S\u0131cak J\u00f6leler Paletta Miroir So\u011fuk J\u00f6leler Pasta Kremalar\u0131 Pastac\u0131l\u0131k Dekorasyon \u00dcr\u00fcnleri Premium Kek Miksleri Presta Dolgu Kremalar\u0131 S\u0131v\u0131 \u015eantiler Tava Ay\u0131r\u0131c\u0131 Ya\u011flar Toz \u015eantiler Zeesan \u015earlot&hellip;","og_url":"https:\/\/pastory.com.tr\/index.php\/markalar-pastacilik-urunleri\/zeelandia-pastacilik-malzemeleri\/","og_site_name":"Pastory Pastac\u0131l\u0131k Malzemeleri Bodrum, Toptan G\u0131da Bodrum, EDT Firmalar\u0131 Bodrum","article_publisher":"https:\/\/facebook.com\/pastory.official","article_modified_time":"2021-04-06T08:24:35+00:00","twitter_card":"summary_large_image","schema":{"@context":"https:\/\/schema.org","@graph":[{"@type":"WebPage","@id":"https:\/\/pastory.com.tr\/index.php\/markalar-pastacilik-urunleri\/zeelandia-pastacilik-malzemeleri\/","url":"https:\/\/pastory.com.tr\/index.php\/markalar-pastacilik-urunleri\/zeelandia-pastacilik-malzemeleri\/","name":"Zeelandia Pastac\u0131l\u0131k - Pastory Pastac\u0131l\u0131k Malzemeleri Bodrum, Toptan G\u0131da Bodrum, EDT Firmalar\u0131 Bodrum","isPartOf":{"@id":"https:\/\/pastory.com.tr\/#website"},"datePublished":"2021-03-30T21:04:01+00:00","dateModified":"2021-04-06T08:24:35+00:00","breadcrumb":{"@id":"https:\/\/pastory.com.tr\/index.php\/markalar-pastacilik-urunleri\/zeelandia-pastacilik-malzemeleri\/#breadcrumb"},"inLanguage":"tr","potentialAction":[{"@type":"ReadAction","target":["https:\/\/pastory.com.tr\/index.php\/markalar-pastacilik-urunleri\/zeelandia-pastacilik-malzemeleri\/"]}]},{"@type":"BreadcrumbList","@id":"https:\/\/pastory.com.tr\/index.php\/markalar-pastacilik-urunleri\/zeelandia-pastacilik-malzemeleri\/#breadcrumb","itemListElement":[{"@type":"ListItem","position":1,"name":"Anasayfa","item":"https:\/\/pastory.com.tr\/"},{"@type":"ListItem","position":2,"name":"Markalar &#038; \u00dcr\u00fcnler","item":"https:\/\/pastory.com.tr\/index.php\/markalar-pastacilik-urunleri\/"},{"@type":"ListItem","position":3,"name":"Zeelandia Pastac\u0131l\u0131k"}]},{"@type":"WebSite","@id":"https:\/\/pastory.com.tr\/#website","url":"https:\/\/pastory.com.tr\/","name":"Pastory Pastac\u0131l\u0131k Malzemeleri Bodrum, Toptan G\u0131da Bodrum, EDT Firmalar\u0131 Bodrum","description":"Nestle, AAK, Katsan, Ireks, Richs, MEC3, Maun","publisher":{"@id":"https:\/\/pastory.com.tr\/#organization"},"potentialAction":[{"@type":"SearchAction","target":{"@type":"EntryPoint","urlTemplate":"https:\/\/pastory.com.tr\/?s={search_term_string}"},"query-input":{"@type":"PropertyValueSpecification","valueRequired":true,"valueName":"search_term_string"}}],"inLanguage":"tr"},{"@type":"Organization","@id":"https:\/\/pastory.com.tr\/#organization","name":"Pastory Pastac\u0131l\u0131k Malzemeleri","url":"https:\/\/pastory.com.tr\/","logo":{"@type":"ImageObject","inLanguage":"tr","@id":"https:\/\/pastory.com.tr\/#\/schema\/logo\/image\/","url":"https:\/\/pastory.com.tr\/wp-content\/uploads\/2021\/03\/pastory_retina_desktop.png","contentUrl":"https:\/\/pastory.com.tr\/wp-content\/uploads\/2021\/03\/pastory_retina_desktop.png","width":500,"height":137,"caption":"Pastory Pastac\u0131l\u0131k Malzemeleri"},"image":{"@id":"https:\/\/pastory.com.tr\/#\/schema\/logo\/image\/"},"sameAs":["https:\/\/facebook.com\/pastory.official","https:\/\/instagram.com\/pastory.official"]}]}},"_links":{"self":[{"href":"https:\/\/pastory.com.tr\/index.php\/wp-json\/wp\/v2\/pages\/15322","targetHints":{"allow":["GET"]}}],"collection":[{"href":"https:\/\/pastory.com.tr\/index.php\/wp-json\/wp\/v2\/pages"}],"about":[{"href":"https:\/\/pastory.com.tr\/index.php\/wp-json\/wp\/v2\/types\/page"}],"author":[{"embeddable":true,"href":"https:\/\/pastory.com.tr\/index.php\/wp-json\/wp\/v2\/users\/1"}],"replies":[{"embeddable":true,"href":"https:\/\/pastory.com.tr\/index.php\/wp-json\/wp\/v2\/comments?post=15322"}],"version-history":[{"count":2,"href":"https:\/\/pastory.com.tr\/index.php\/wp-json\/wp\/v2\/pages\/15322\/revisions"}],"predecessor-version":[{"id":15442,"href":"https:\/\/pastory.com.tr\/index.php\/wp-json\/wp\/v2\/pages\/15322\/revisions\/15442"}],"up":[{"embeddable":true,"href":"https:\/\/pastory.com.tr\/index.php\/wp-json\/wp\/v2\/pages\/7"}],"wp:attachment":[{"href":"https:\/\/pastory.com.tr\/index.php\/wp-json\/wp\/v2\/media?parent=15322"}],"curies":[{"name":"wp","href":"https:\/\/api.w.org\/{rel}","templated":true}]}}