{"id":15304,"date":"2021-03-27T23:42:56","date_gmt":"2021-03-27T20:42:56","guid":{"rendered":"http:\/\/pastory.com.tr\/?page_id=15304"},"modified":"2021-03-27T23:50:22","modified_gmt":"2021-03-27T20:50:22","slug":"ireks-urunleri","status":"publish","type":"page","link":"https:\/\/pastory.com.tr\/index.php\/markalar-pastacilik-urunleri\/ireks-urunleri\/","title":{"rendered":"Ireks \u00dcr\u00fcnleri"},"content":{"rendered":"<p>[vc_row][vc_column width=&#8221;6\/12&#8243;][vc_single_image image=&#8221;15305&#8243; img_size=&#8221;full&#8221;][\/vc_column][vc_column width=&#8221;3\/12&#8243;][vc_column_text]<\/p>\n<ul>\n<li>\n<h4>Ekmek geli\u015ftiriciler<\/h4>\n<\/li>\n<li>\n<h4>Hamur ek\u015fileri<\/h4>\n<\/li>\n<li>\n<h4>% 100 ekmek miksleri<\/h4>\n<\/li>\n<li>\n<h4>Konsantre ekmek miksleri<\/h4>\n<\/li>\n<li>\n<h4>Organik \u00fcr\u00fcnler<\/h4>\n<\/li>\n<li>\n<h4>Fonksiyonel \u00fcr\u00fcnler<\/h4>\n<\/li>\n<li>\n<h4>Malt \u00fcr\u00fcnleri<\/h4>\n<\/li>\n<li>\n<h4>Ekmek\u00e7ilik s\u00fcsleme \u00fcr\u00fcnleri<\/h4>\n<\/li>\n<li>\n<h4>Tah\u0131l \u00fcr\u00fcnleri<\/h4>\n<\/li>\n<li>\n<h4>Kek miksleri<\/h4>\n<\/li>\n<li>\n<h4>Krema ve dolgular<\/h4>\n<\/li>\n<\/ul>\n<p>[\/vc_column_text][\/vc_column][vc_column width=&#8221;3\/12&#8243;][vc_column_text]<\/p>\n<ul>\n<li>\n<h4>Meyve dolgular\u0131<\/h4>\n<\/li>\n<li>\n<h4>Krem \u015fantiler<\/h4>\n<\/li>\n<li>\n<h4>\u00d6zel pastac\u0131l\u0131k \u00fcr\u00fcnleri<\/h4>\n<\/li>\n<li>\n<h4>J\u00f6leler<\/h4>\n<\/li>\n<li>\n<h4>Dolgu kremalar<\/h4>\n<\/li>\n<li>\n<h4>Meyve \u00f6zleri ve aromalar<\/h4>\n<\/li>\n<li>\n<h4>Dondurma \u00fcr\u00fcnleri<\/h4>\n<\/li>\n<li>\n<h4>\u00c7ikolata \u00e7e\u015fitleri<\/h4>\n<\/li>\n<li>\n<h4>Tava ya\u011flar\u0131 ve kek kal\u0131plar\u0131<\/h4>\n<\/li>\n<\/ul>\n<p>[\/vc_column_text][\/vc_column][\/vc_row]<\/p>\n","protected":false},"excerpt":{"rendered":"<p>[vc_row][vc_column width=&#8221;6\/12&#8243;][vc_single_image image=&#8221;15305&#8243; img_size=&#8221;full&#8221;][\/vc_column][vc_column width=&#8221;3\/12&#8243;][vc_column_text] Ekmek geli\u015ftiriciler Hamur ek\u015fileri % 100 ekmek miksleri Konsantre ekmek miksleri Organik \u00fcr\u00fcnler Fonksiyonel \u00fcr\u00fcnler Malt \u00fcr\u00fcnleri Ekmek\u00e7ilik s\u00fcsleme \u00fcr\u00fcnleri Tah\u0131l \u00fcr\u00fcnleri Kek miksleri Krema ve dolgular [\/vc_column_text][\/vc_column][vc_column width=&#8221;3\/12&#8243;][vc_column_text] Meyve dolgular\u0131 Krem \u015fantiler \u00d6zel pastac\u0131l\u0131k \u00fcr\u00fcnleri J\u00f6leler Dolgu kremalar Meyve \u00f6zleri ve aromalar Dondurma \u00fcr\u00fcnleri \u00c7ikolata \u00e7e\u015fitleri Tava ya\u011flar\u0131 ve&hellip;<\/p>\n","protected":false},"author":1,"featured_media":0,"parent":7,"menu_order":0,"comment_status":"closed","ping_status":"closed","template":"","meta":[],"class_list":["post-15304","page","type-page","status-publish","hentry","description-off"],"yoast_head":"<!-- This site is optimized with the Yoast SEO plugin v25.2 - https:\/\/yoast.com\/wordpress\/plugins\/seo\/ -->\n<title>Ireks \u00dcr\u00fcnleri - Pastory Pastac\u0131l\u0131k Malzemeleri Bodrum, Toptan G\u0131da Bodrum, EDT Firmalar\u0131 Bodrum<\/title>\n<meta name=\"robots\" content=\"index, follow, max-snippet:-1, max-image-preview:large, max-video-preview:-1\" \/>\n<link rel=\"canonical\" href=\"https:\/\/pastory.com.tr\/index.php\/markalar-pastacilik-urunleri\/ireks-urunleri\/\" \/>\n<meta property=\"og:locale\" content=\"tr_TR\" \/>\n<meta property=\"og:type\" content=\"article\" \/>\n<meta property=\"og:title\" content=\"Ireks \u00dcr\u00fcnleri - Pastory Pastac\u0131l\u0131k Malzemeleri Bodrum, Toptan G\u0131da Bodrum, EDT Firmalar\u0131 Bodrum\" \/>\n<meta property=\"og:description\" content=\"[vc_row][vc_column width=&#8221;6\/12&#8243;][vc_single_image image=&#8221;15305&#8243; img_size=&#8221;full&#8221;][\/vc_column][vc_column width=&#8221;3\/12&#8243;][vc_column_text] Ekmek geli\u015ftiriciler Hamur ek\u015fileri % 100 ekmek miksleri Konsantre ekmek miksleri Organik \u00fcr\u00fcnler Fonksiyonel \u00fcr\u00fcnler Malt \u00fcr\u00fcnleri Ekmek\u00e7ilik s\u00fcsleme \u00fcr\u00fcnleri Tah\u0131l \u00fcr\u00fcnleri Kek miksleri Krema ve dolgular [\/vc_column_text][\/vc_column][vc_column width=&#8221;3\/12&#8243;][vc_column_text] Meyve dolgular\u0131 Krem \u015fantiler \u00d6zel pastac\u0131l\u0131k \u00fcr\u00fcnleri J\u00f6leler Dolgu kremalar Meyve \u00f6zleri ve aromalar Dondurma \u00fcr\u00fcnleri \u00c7ikolata \u00e7e\u015fitleri Tava ya\u011flar\u0131 ve&hellip;\" \/>\n<meta property=\"og:url\" content=\"https:\/\/pastory.com.tr\/index.php\/markalar-pastacilik-urunleri\/ireks-urunleri\/\" \/>\n<meta property=\"og:site_name\" content=\"Pastory Pastac\u0131l\u0131k Malzemeleri Bodrum, Toptan G\u0131da Bodrum, EDT Firmalar\u0131 Bodrum\" \/>\n<meta property=\"article:publisher\" content=\"https:\/\/facebook.com\/pastory.official\" \/>\n<meta property=\"article:modified_time\" content=\"2021-03-27T20:50:22+00:00\" \/>\n<meta name=\"twitter:card\" content=\"summary_large_image\" \/>\n<meta name=\"twitter:label1\" content=\"Tahmini okuma s\u00fcresi\" \/>\n\t<meta name=\"twitter:data1\" content=\"1 dakika\" \/>\n<script type=\"application\/ld+json\" class=\"yoast-schema-graph\">{\"@context\":\"https:\/\/schema.org\",\"@graph\":[{\"@type\":\"WebPage\",\"@id\":\"https:\/\/pastory.com.tr\/index.php\/markalar-pastacilik-urunleri\/ireks-urunleri\/\",\"url\":\"https:\/\/pastory.com.tr\/index.php\/markalar-pastacilik-urunleri\/ireks-urunleri\/\",\"name\":\"Ireks \u00dcr\u00fcnleri - Pastory Pastac\u0131l\u0131k Malzemeleri Bodrum, Toptan G\u0131da Bodrum, EDT Firmalar\u0131 Bodrum\",\"isPartOf\":{\"@id\":\"https:\/\/pastory.com.tr\/#website\"},\"datePublished\":\"2021-03-27T20:42:56+00:00\",\"dateModified\":\"2021-03-27T20:50:22+00:00\",\"breadcrumb\":{\"@id\":\"https:\/\/pastory.com.tr\/index.php\/markalar-pastacilik-urunleri\/ireks-urunleri\/#breadcrumb\"},\"inLanguage\":\"tr\",\"potentialAction\":[{\"@type\":\"ReadAction\",\"target\":[\"https:\/\/pastory.com.tr\/index.php\/markalar-pastacilik-urunleri\/ireks-urunleri\/\"]}]},{\"@type\":\"BreadcrumbList\",\"@id\":\"https:\/\/pastory.com.tr\/index.php\/markalar-pastacilik-urunleri\/ireks-urunleri\/#breadcrumb\",\"itemListElement\":[{\"@type\":\"ListItem\",\"position\":1,\"name\":\"Anasayfa\",\"item\":\"https:\/\/pastory.com.tr\/\"},{\"@type\":\"ListItem\",\"position\":2,\"name\":\"Markalar &#038; \u00dcr\u00fcnler\",\"item\":\"https:\/\/pastory.com.tr\/index.php\/markalar-pastacilik-urunleri\/\"},{\"@type\":\"ListItem\",\"position\":3,\"name\":\"Ireks \u00dcr\u00fcnleri\"}]},{\"@type\":\"WebSite\",\"@id\":\"https:\/\/pastory.com.tr\/#website\",\"url\":\"https:\/\/pastory.com.tr\/\",\"name\":\"Pastory Pastac\u0131l\u0131k Malzemeleri Bodrum, Toptan G\u0131da Bodrum, EDT Firmalar\u0131 Bodrum\",\"description\":\"Nestle, AAK, Katsan, Ireks, Richs, MEC3, Maun\",\"publisher\":{\"@id\":\"https:\/\/pastory.com.tr\/#organization\"},\"potentialAction\":[{\"@type\":\"SearchAction\",\"target\":{\"@type\":\"EntryPoint\",\"urlTemplate\":\"https:\/\/pastory.com.tr\/?s={search_term_string}\"},\"query-input\":{\"@type\":\"PropertyValueSpecification\",\"valueRequired\":true,\"valueName\":\"search_term_string\"}}],\"inLanguage\":\"tr\"},{\"@type\":\"Organization\",\"@id\":\"https:\/\/pastory.com.tr\/#organization\",\"name\":\"Pastory Pastac\u0131l\u0131k Malzemeleri\",\"url\":\"https:\/\/pastory.com.tr\/\",\"logo\":{\"@type\":\"ImageObject\",\"inLanguage\":\"tr\",\"@id\":\"https:\/\/pastory.com.tr\/#\/schema\/logo\/image\/\",\"url\":\"https:\/\/pastory.com.tr\/wp-content\/uploads\/2021\/03\/pastory_retina_desktop.png\",\"contentUrl\":\"https:\/\/pastory.com.tr\/wp-content\/uploads\/2021\/03\/pastory_retina_desktop.png\",\"width\":500,\"height\":137,\"caption\":\"Pastory Pastac\u0131l\u0131k Malzemeleri\"},\"image\":{\"@id\":\"https:\/\/pastory.com.tr\/#\/schema\/logo\/image\/\"},\"sameAs\":[\"https:\/\/facebook.com\/pastory.official\",\"https:\/\/instagram.com\/pastory.official\"]}]}<\/script>\n<!-- \/ Yoast SEO plugin. -->","yoast_head_json":{"title":"Ireks \u00dcr\u00fcnleri - Pastory Pastac\u0131l\u0131k Malzemeleri Bodrum, Toptan G\u0131da Bodrum, EDT Firmalar\u0131 Bodrum","robots":{"index":"index","follow":"follow","max-snippet":"max-snippet:-1","max-image-preview":"max-image-preview:large","max-video-preview":"max-video-preview:-1"},"canonical":"https:\/\/pastory.com.tr\/index.php\/markalar-pastacilik-urunleri\/ireks-urunleri\/","og_locale":"tr_TR","og_type":"article","og_title":"Ireks \u00dcr\u00fcnleri - Pastory Pastac\u0131l\u0131k Malzemeleri Bodrum, Toptan G\u0131da Bodrum, EDT Firmalar\u0131 Bodrum","og_description":"[vc_row][vc_column width=&#8221;6\/12&#8243;][vc_single_image image=&#8221;15305&#8243; img_size=&#8221;full&#8221;][\/vc_column][vc_column width=&#8221;3\/12&#8243;][vc_column_text] Ekmek geli\u015ftiriciler Hamur ek\u015fileri % 100 ekmek miksleri Konsantre ekmek miksleri Organik \u00fcr\u00fcnler Fonksiyonel \u00fcr\u00fcnler Malt \u00fcr\u00fcnleri Ekmek\u00e7ilik s\u00fcsleme \u00fcr\u00fcnleri Tah\u0131l \u00fcr\u00fcnleri Kek miksleri Krema ve dolgular [\/vc_column_text][\/vc_column][vc_column width=&#8221;3\/12&#8243;][vc_column_text] Meyve dolgular\u0131 Krem \u015fantiler \u00d6zel pastac\u0131l\u0131k \u00fcr\u00fcnleri J\u00f6leler Dolgu kremalar Meyve \u00f6zleri ve aromalar Dondurma \u00fcr\u00fcnleri \u00c7ikolata \u00e7e\u015fitleri Tava ya\u011flar\u0131 ve&hellip;","og_url":"https:\/\/pastory.com.tr\/index.php\/markalar-pastacilik-urunleri\/ireks-urunleri\/","og_site_name":"Pastory Pastac\u0131l\u0131k Malzemeleri Bodrum, Toptan G\u0131da Bodrum, EDT Firmalar\u0131 Bodrum","article_publisher":"https:\/\/facebook.com\/pastory.official","article_modified_time":"2021-03-27T20:50:22+00:00","twitter_card":"summary_large_image","twitter_misc":{"Tahmini okuma s\u00fcresi":"1 dakika"},"schema":{"@context":"https:\/\/schema.org","@graph":[{"@type":"WebPage","@id":"https:\/\/pastory.com.tr\/index.php\/markalar-pastacilik-urunleri\/ireks-urunleri\/","url":"https:\/\/pastory.com.tr\/index.php\/markalar-pastacilik-urunleri\/ireks-urunleri\/","name":"Ireks \u00dcr\u00fcnleri - Pastory Pastac\u0131l\u0131k Malzemeleri Bodrum, Toptan G\u0131da Bodrum, EDT Firmalar\u0131 Bodrum","isPartOf":{"@id":"https:\/\/pastory.com.tr\/#website"},"datePublished":"2021-03-27T20:42:56+00:00","dateModified":"2021-03-27T20:50:22+00:00","breadcrumb":{"@id":"https:\/\/pastory.com.tr\/index.php\/markalar-pastacilik-urunleri\/ireks-urunleri\/#breadcrumb"},"inLanguage":"tr","potentialAction":[{"@type":"ReadAction","target":["https:\/\/pastory.com.tr\/index.php\/markalar-pastacilik-urunleri\/ireks-urunleri\/"]}]},{"@type":"BreadcrumbList","@id":"https:\/\/pastory.com.tr\/index.php\/markalar-pastacilik-urunleri\/ireks-urunleri\/#breadcrumb","itemListElement":[{"@type":"ListItem","position":1,"name":"Anasayfa","item":"https:\/\/pastory.com.tr\/"},{"@type":"ListItem","position":2,"name":"Markalar &#038; \u00dcr\u00fcnler","item":"https:\/\/pastory.com.tr\/index.php\/markalar-pastacilik-urunleri\/"},{"@type":"ListItem","position":3,"name":"Ireks \u00dcr\u00fcnleri"}]},{"@type":"WebSite","@id":"https:\/\/pastory.com.tr\/#website","url":"https:\/\/pastory.com.tr\/","name":"Pastory Pastac\u0131l\u0131k Malzemeleri Bodrum, Toptan G\u0131da Bodrum, EDT Firmalar\u0131 Bodrum","description":"Nestle, AAK, Katsan, Ireks, Richs, MEC3, Maun","publisher":{"@id":"https:\/\/pastory.com.tr\/#organization"},"potentialAction":[{"@type":"SearchAction","target":{"@type":"EntryPoint","urlTemplate":"https:\/\/pastory.com.tr\/?s={search_term_string}"},"query-input":{"@type":"PropertyValueSpecification","valueRequired":true,"valueName":"search_term_string"}}],"inLanguage":"tr"},{"@type":"Organization","@id":"https:\/\/pastory.com.tr\/#organization","name":"Pastory Pastac\u0131l\u0131k Malzemeleri","url":"https:\/\/pastory.com.tr\/","logo":{"@type":"ImageObject","inLanguage":"tr","@id":"https:\/\/pastory.com.tr\/#\/schema\/logo\/image\/","url":"https:\/\/pastory.com.tr\/wp-content\/uploads\/2021\/03\/pastory_retina_desktop.png","contentUrl":"https:\/\/pastory.com.tr\/wp-content\/uploads\/2021\/03\/pastory_retina_desktop.png","width":500,"height":137,"caption":"Pastory Pastac\u0131l\u0131k Malzemeleri"},"image":{"@id":"https:\/\/pastory.com.tr\/#\/schema\/logo\/image\/"},"sameAs":["https:\/\/facebook.com\/pastory.official","https:\/\/instagram.com\/pastory.official"]}]}},"_links":{"self":[{"href":"https:\/\/pastory.com.tr\/index.php\/wp-json\/wp\/v2\/pages\/15304","targetHints":{"allow":["GET"]}}],"collection":[{"href":"https:\/\/pastory.com.tr\/index.php\/wp-json\/wp\/v2\/pages"}],"about":[{"href":"https:\/\/pastory.com.tr\/index.php\/wp-json\/wp\/v2\/types\/page"}],"author":[{"embeddable":true,"href":"https:\/\/pastory.com.tr\/index.php\/wp-json\/wp\/v2\/users\/1"}],"replies":[{"embeddable":true,"href":"https:\/\/pastory.com.tr\/index.php\/wp-json\/wp\/v2\/comments?post=15304"}],"version-history":[{"count":3,"href":"https:\/\/pastory.com.tr\/index.php\/wp-json\/wp\/v2\/pages\/15304\/revisions"}],"predecessor-version":[{"id":15309,"href":"https:\/\/pastory.com.tr\/index.php\/wp-json\/wp\/v2\/pages\/15304\/revisions\/15309"}],"up":[{"embeddable":true,"href":"https:\/\/pastory.com.tr\/index.php\/wp-json\/wp\/v2\/pages\/7"}],"wp:attachment":[{"href":"https:\/\/pastory.com.tr\/index.php\/wp-json\/wp\/v2\/media?parent=15304"}],"curies":[{"name":"wp","href":"https:\/\/api.w.org\/{rel}","templated":true}]}}